{"id":51,"date":"2022-01-17T11:35:15","date_gmt":"2022-01-17T11:35:15","guid":{"rendered":"https:\/\/demosites.royal-elementor-addons.com\/winebar-v1\/?page_id=51"},"modified":"2025-12-22T17:17:39","modified_gmt":"2025-12-22T16:17:39","slug":"a-propos","status":"publish","type":"page","link":"https:\/\/chai-fabien-sanary.com\/index.php\/a-propos\/","title":{"rendered":"A propos"},"content":{"rendered":"\t\t<div data-elementor-type=\"wp-page\" data-elementor-id=\"51\" class=\"elementor elementor-51\">\n\t\t\t\t\t\t<section class=\"elementor-section elementor-top-section elementor-element elementor-element-e11013e elementor-section-height-min-height elementor-section-boxed elementor-section-height-default elementor-section-items-middle wpr-particle-no wpr-jarallax-no wpr-parallax-no wpr-sticky-section-no\" data-id=\"e11013e\" data-element_type=\"section\" data-settings=\"{&quot;background_background&quot;:&quot;classic&quot;,&quot;shape_divider_bottom&quot;:&quot;waves&quot;}\">\n\t\t\t\t\t\t\t<div class=\"elementor-background-overlay\"><\/div>\n\t\t\t\t\t\t<div class=\"elementor-shape elementor-shape-bottom\" aria-hidden=\"true\" data-negative=\"false\">\n\t\t\t<svg xmlns=\"http:\/\/www.w3.org\/2000\/svg\" viewBox=\"0 0 1000 100\" preserveAspectRatio=\"none\">\n\t<path class=\"elementor-shape-fill\" d=\"M421.9,6.5c22.6-2.5,51.5,0.4,75.5,5.3c23.6,4.9,70.9,23.5,100.5,35.7c75.8,32.2,133.7,44.5,192.6,49.7\n\tc23.6,2.1,48.7,3.5,103.4-2.5c54.7-6,106.2-25.6,106.2-25.6V0H0v30.3c0,0,72,32.6,158.4,30.5c39.2-0.7,92.8-6.7,134-22.4\n\tc21.2-8.1,52.2-18.2,79.7-24.2C399.3,7.9,411.6,7.5,421.9,6.5z\"\/>\n<\/svg>\t\t<\/div>\n\t\t\t\t\t<div class=\"elementor-container elementor-column-gap-default\">\n\t\t\t\t\t<div class=\"elementor-column elementor-col-100 elementor-top-column elementor-element elementor-element-92d1402\" data-id=\"92d1402\" data-element_type=\"column\">\n\t\t\t<div class=\"elementor-widget-wrap elementor-element-populated\">\n\t\t\t\t\t\t<div class=\"elementor-element elementor-element-8144e5a elementor-widget elementor-widget-heading\" data-id=\"8144e5a\" data-element_type=\"widget\" data-widget_type=\"heading.default\">\n\t\t\t\t<div class=\"elementor-widget-container\">\n\t\t\t\t\t<h2 class=\"elementor-heading-title elementor-size-default\">\u00c0 propos<\/h2>\t\t\t\t<\/div>\n\t\t\t\t<\/div>\n\t\t\t\t\t<\/div>\n\t\t<\/div>\n\t\t\t\t\t<\/div>\n\t\t<\/section>\n\t\t\t\t<section class=\"elementor-section elementor-top-section elementor-element elementor-element-c85d39e elementor-section-boxed elementor-section-height-default elementor-section-height-default wpr-particle-no wpr-jarallax-no wpr-parallax-no wpr-sticky-section-no\" data-id=\"c85d39e\" data-element_type=\"section\">\n\t\t\t\t\t\t<div class=\"elementor-container elementor-column-gap-default\">\n\t\t\t\t\t<div class=\"elementor-column elementor-col-50 elementor-top-column elementor-element elementor-element-5159c18\" data-id=\"5159c18\" data-element_type=\"column\" data-settings=\"{&quot;background_background&quot;:&quot;classic&quot;}\">\n\t\t\t<div class=\"elementor-widget-wrap elementor-element-populated\">\n\t\t\t\t\t\t<div class=\"elementor-element elementor-element-f19baf7 elementor-widget elementor-widget-heading\" data-id=\"f19baf7\" data-element_type=\"widget\" data-widget_type=\"heading.default\">\n\t\t\t\t<div class=\"elementor-widget-container\">\n\t\t\t\t\t<h2 class=\"elementor-heading-title elementor-size-default\">Exp\u00e9rience<\/h2>\t\t\t\t<\/div>\n\t\t\t\t<\/div>\n\t\t\t\t<div class=\"elementor-element elementor-element-8b1cb05 elementor-widget elementor-widget-heading\" data-id=\"8b1cb05\" data-element_type=\"widget\" data-widget_type=\"heading.default\">\n\t\t\t\t<div class=\"elementor-widget-container\">\n\t\t\t\t\t<h2 class=\"elementor-heading-title elementor-size-default\">Le r\u00e9cit de la cave \u00e0 vin<\/h2>\t\t\t\t<\/div>\n\t\t\t\t<\/div>\n\t\t\t\t\t<\/div>\n\t\t<\/div>\n\t\t\t\t<div class=\"elementor-column elementor-col-50 elementor-top-column elementor-element elementor-element-8a84934\" data-id=\"8a84934\" data-element_type=\"column\">\n\t\t\t<div class=\"elementor-widget-wrap elementor-element-populated\">\n\t\t\t\t\t\t<div class=\"elementor-element elementor-element-19a034b elementor-widget elementor-widget-image\" data-id=\"19a034b\" data-element_type=\"widget\" data-widget_type=\"image.default\">\n\t\t\t\t<div class=\"elementor-widget-container\">\n\t\t\t\t\t\t\t\t\t\t\t\t\t\t\t<img decoding=\"async\" src=\"https:\/\/demosites.royal-elementor-addons.com\/winebar-v1\/wp-content\/uploads\/sites\/28\/2022\/01\/Pic-9.jpg\" title=\"\" alt=\"\" loading=\"lazy\" \/>\t\t\t\t\t\t\t\t\t\t\t\t\t\t\t<\/div>\n\t\t\t\t<\/div>\n\t\t\t\t<div class=\"elementor-element elementor-element-b252559 elementor-widget elementor-widget-text-editor\" data-id=\"b252559\" data-element_type=\"widget\" data-widget_type=\"text-editor.default\">\n\t\t\t\t<div class=\"elementor-widget-container\">\n\t\t\t\t\t\t\t\t\t<p data-start=\"324\" data-end=\"616\">Fabien est sommelier de m\u00e9tier. Sa passion pour le vin s\u2019est r\u00e9v\u00e9l\u00e9e tr\u00e8s t\u00f4t, nourrie par un int\u00e9r\u00eat profond pour les produits du terroir, les accords subtils et l\u2019art de recevoir. Au fil du temps, il a su affiner un sens du conseil et une expertise qui font aujourd\u2019hui toute la diff\u00e9rence.<\/p>\n<p data-start=\"618\" data-end=\"1141\">Form\u00e9 dans l\u2019univers exigeant de la gastronomie, il a \u00e9volu\u00e9 dans plusieurs \u00e9tablissements \u00e9toil\u00e9s, o\u00f9 rigueur, \u00e9l\u00e9gance et pr\u00e9cision sont les ma\u00eetres-mots. De Toulouse \u00e0 Istres, en passant par Le Castellet, son parcours l\u2019a men\u00e9 au c\u0153ur de tables reconnues o\u00f9 il a d\u00e9velopp\u00e9 une connaissance fine des c\u00e9pages, des r\u00e9gions viticoles et des accords mets-vins. Il conclut cette premi\u00e8re vie professionnelle sur l\u2019\u00eele de Porquerolles, un lieu d\u2019exception o\u00f9 il a su mettre son savoir-faire au service de moments inoubliables.<\/p>\n<p data-start=\"1143\" data-end=\"1495\">Aujourd\u2019hui, Fabien revient \u00e0 Sanary-sur-Mer, sa ville d\u2019origine, pour y \u00e9crire une nouvelle page. Avec <strong data-start=\"1247\" data-end=\"1262\">Chai Fabien<\/strong>, il cr\u00e9e une cave \u00e0 son image : conviviale, pointue et accessible. Ici, il partage ses d\u00e9couvertes, ses coups de c\u0153ur et son amour du vin avec tous ceux qui franchissent la porte, qu\u2019ils soient amateurs curieux ou fins connaisseurs.<\/p>\n<p data-start=\"1497\" data-end=\"1759\">Plus qu\u2019un simple caviste, Fabien vous accompagne dans vos choix avec bienveillance. Que ce soit pour composer un accord parfait, s\u00e9lectionner un vin pour une grande occasion ou simplement trouver une belle bouteille \u00e0 offrir, il saura vous guider avec justesse.<\/p>\n<p data-start=\"1761\" data-end=\"1924\">Chai Fabien, c\u2019est avant tout une histoire de passion, de rencontres et de partage. Une invitation \u00e0 (re)d\u00e9couvrir le vin avec simplicit\u00e9, plaisir et authenticit\u00e9.<\/p>\t\t\t\t\t\t\t\t<\/div>\n\t\t\t\t<\/div>\n\t\t\t\t\t<\/div>\n\t\t<\/div>\n\t\t\t\t\t<\/div>\n\t\t<\/section>\n\t\t\t\t<\/div>\n\t\t","protected":false},"excerpt":{"rendered":"<p>\u00c0 propos Exp\u00e9rience Le r\u00e9cit de la cave \u00e0 vin Fabien est sommelier de m\u00e9tier. Sa passion pour le vin s\u2019est r\u00e9v\u00e9l\u00e9e tr\u00e8s t\u00f4t, nourrie par un int\u00e9r\u00eat profond pour les produits du terroir, les accords subtils et l\u2019art de recevoir. Au fil du temps, il a su affiner un sens du conseil et une expertise qui font aujourd\u2019hui toute la diff\u00e9rence. Form\u00e9 dans l\u2019univers exigeant de la gastronomie, il a \u00e9volu\u00e9 dans plusieurs \u00e9tablissements \u00e9toil\u00e9s, o\u00f9 rigueur, \u00e9l\u00e9gance et pr\u00e9cision sont les ma\u00eetres-mots. De Toulouse \u00e0 Istres, en passant par Le Castellet, son parcours l\u2019a men\u00e9 au c\u0153ur de tables reconnues o\u00f9 il a d\u00e9velopp\u00e9 une connaissance fine des c\u00e9pages, des r\u00e9gions viticoles et des accords mets-vins. Il conclut cette premi\u00e8re vie professionnelle sur l\u2019\u00eele de Porquerolles, un lieu d\u2019exception o\u00f9 il a su mettre son savoir-faire au service de moments inoubliables. Aujourd\u2019hui, Fabien revient \u00e0 Sanary-sur-Mer, sa ville d\u2019origine, pour y \u00e9crire une nouvelle page. Avec Chai Fabien, il cr\u00e9e une cave \u00e0 son image : conviviale, pointue et accessible. Ici, il partage ses d\u00e9couvertes, ses coups de c\u0153ur et son amour du vin avec tous ceux qui franchissent la porte, qu\u2019ils soient amateurs curieux ou fins connaisseurs. Plus qu\u2019un simple caviste, Fabien vous accompagne dans vos choix avec bienveillance. Que ce soit pour composer un accord parfait, s\u00e9lectionner un vin pour une grande occasion ou simplement trouver une belle bouteille \u00e0 offrir, il saura vous guider avec justesse. Chai Fabien, c\u2019est avant tout une histoire de passion, de rencontres et de partage. Une invitation \u00e0 (re)d\u00e9couvrir le vin avec simplicit\u00e9, plaisir et authenticit\u00e9.<\/p>\n","protected":false},"author":4,"featured_media":0,"parent":0,"menu_order":0,"comment_status":"closed","ping_status":"closed","template":"elementor_canvas","meta":{"_themeisle_gutenberg_block_has_review":false,"footnotes":""},"class_list":["post-51","page","type-page","status-publish","hentry"],"yoast_head":"<!-- This site is optimized with the Yoast SEO plugin v26.2 - https:\/\/yoast.com\/wordpress\/plugins\/seo\/ -->\n<title>Sommelier - Chai Fabien<\/title>\n<meta name=\"description\" content=\"Fabien, sommelier de m\u00e9tier, partage son exp\u00e9rience de la gastronomie et son savoir-faire au sein de Chai Fabien, cave \u00e0 vin \u00e0 Sanary.\" \/>\n<meta name=\"robots\" content=\"index, follow, max-snippet:-1, max-image-preview:large, max-video-preview:-1\" \/>\n<link rel=\"canonical\" href=\"https:\/\/chai-fabien-sanary.com\/index.php\/a-propos\/\" \/>\n<meta property=\"og:locale\" content=\"fr_FR\" \/>\n<meta property=\"og:type\" content=\"article\" \/>\n<meta property=\"og:title\" content=\"Sommelier - Chai Fabien\" \/>\n<meta property=\"og:description\" content=\"Fabien, sommelier de m\u00e9tier, partage son exp\u00e9rience de la gastronomie et son savoir-faire au sein de Chai Fabien, cave \u00e0 vin \u00e0 Sanary.\" \/>\n<meta property=\"og:url\" content=\"https:\/\/chai-fabien-sanary.com\/index.php\/a-propos\/\" \/>\n<meta property=\"og:site_name\" content=\"Chai Fabien\" \/>\n<meta property=\"article:modified_time\" content=\"2025-12-22T16:17:39+00:00\" \/>\n<meta property=\"og:image\" content=\"https:\/\/demosites.royal-elementor-addons.com\/winebar-v1\/wp-content\/uploads\/sites\/28\/2022\/01\/Pic-9.jpg\" \/>\n<meta name=\"twitter:card\" content=\"summary_large_image\" \/>\n<meta name=\"twitter:label1\" content=\"Dur\u00e9e de lecture estim\u00e9e\" \/>\n\t<meta name=\"twitter:data1\" content=\"2 minutes\" \/>\n<script type=\"application\/ld+json\" class=\"yoast-schema-graph\">{\"@context\":\"https:\/\/schema.org\",\"@graph\":[{\"@type\":\"WebPage\",\"@id\":\"https:\/\/chai-fabien-sanary.com\/index.php\/a-propos\/\",\"url\":\"https:\/\/chai-fabien-sanary.com\/index.php\/a-propos\/\",\"name\":\"Sommelier - Chai Fabien\",\"isPartOf\":{\"@id\":\"https:\/\/chai-fabien-sanary.com\/#website\"},\"primaryImageOfPage\":{\"@id\":\"https:\/\/chai-fabien-sanary.com\/index.php\/a-propos\/#primaryimage\"},\"image\":{\"@id\":\"https:\/\/chai-fabien-sanary.com\/index.php\/a-propos\/#primaryimage\"},\"thumbnailUrl\":\"https:\/\/demosites.royal-elementor-addons.com\/winebar-v1\/wp-content\/uploads\/sites\/28\/2022\/01\/Pic-9.jpg\",\"datePublished\":\"2022-01-17T11:35:15+00:00\",\"dateModified\":\"2025-12-22T16:17:39+00:00\",\"description\":\"Fabien, sommelier de m\u00e9tier, partage son exp\u00e9rience de la gastronomie et son savoir-faire au sein de Chai Fabien, cave \u00e0 vin \u00e0 Sanary.\",\"breadcrumb\":{\"@id\":\"https:\/\/chai-fabien-sanary.com\/index.php\/a-propos\/#breadcrumb\"},\"inLanguage\":\"fr-FR\",\"potentialAction\":[{\"@type\":\"ReadAction\",\"target\":[\"https:\/\/chai-fabien-sanary.com\/index.php\/a-propos\/\"]}]},{\"@type\":\"ImageObject\",\"inLanguage\":\"fr-FR\",\"@id\":\"https:\/\/chai-fabien-sanary.com\/index.php\/a-propos\/#primaryimage\",\"url\":\"https:\/\/demosites.royal-elementor-addons.com\/winebar-v1\/wp-content\/uploads\/sites\/28\/2022\/01\/Pic-9.jpg\",\"contentUrl\":\"https:\/\/demosites.royal-elementor-addons.com\/winebar-v1\/wp-content\/uploads\/sites\/28\/2022\/01\/Pic-9.jpg\"},{\"@type\":\"BreadcrumbList\",\"@id\":\"https:\/\/chai-fabien-sanary.com\/index.php\/a-propos\/#breadcrumb\",\"itemListElement\":[{\"@type\":\"ListItem\",\"position\":1,\"name\":\"Accueil\",\"item\":\"https:\/\/chai-fabien-sanary.com\/\"},{\"@type\":\"ListItem\",\"position\":2,\"name\":\"A propos\"}]},{\"@type\":\"WebSite\",\"@id\":\"https:\/\/chai-fabien-sanary.com\/#website\",\"url\":\"https:\/\/chai-fabien-sanary.com\/\",\"name\":\"Chai Fabien\",\"description\":\"Cave \u00e0 vins, bi\u00e8res, spiritueux\",\"publisher\":{\"@id\":\"https:\/\/chai-fabien-sanary.com\/#organization\"},\"potentialAction\":[{\"@type\":\"SearchAction\",\"target\":{\"@type\":\"EntryPoint\",\"urlTemplate\":\"https:\/\/chai-fabien-sanary.com\/?s={search_term_string}\"},\"query-input\":{\"@type\":\"PropertyValueSpecification\",\"valueRequired\":true,\"valueName\":\"search_term_string\"}}],\"inLanguage\":\"fr-FR\"},{\"@type\":\"Organization\",\"@id\":\"https:\/\/chai-fabien-sanary.com\/#organization\",\"name\":\"Chai Fabien\",\"url\":\"https:\/\/chai-fabien-sanary.com\/\",\"logo\":{\"@type\":\"ImageObject\",\"inLanguage\":\"fr-FR\",\"@id\":\"https:\/\/chai-fabien-sanary.com\/#\/schema\/logo\/image\/\",\"url\":\"https:\/\/chai-fabien-sanary.com\/wp-content\/uploads\/2025\/06\/Logo-site-header-blanc-67be95.svg\",\"contentUrl\":\"https:\/\/chai-fabien-sanary.com\/wp-content\/uploads\/2025\/06\/Logo-site-header-blanc-67be95.svg\",\"width\":1238,\"height\":167,\"caption\":\"Chai Fabien\"},\"image\":{\"@id\":\"https:\/\/chai-fabien-sanary.com\/#\/schema\/logo\/image\/\"}}]}<\/script>\n<!-- \/ Yoast SEO plugin. -->","yoast_head_json":{"title":"Sommelier - Chai Fabien","description":"Fabien, sommelier de m\u00e9tier, partage son exp\u00e9rience de la gastronomie et son savoir-faire au sein de Chai Fabien, cave \u00e0 vin \u00e0 Sanary.","robots":{"index":"index","follow":"follow","max-snippet":"max-snippet:-1","max-image-preview":"max-image-preview:large","max-video-preview":"max-video-preview:-1"},"canonical":"https:\/\/chai-fabien-sanary.com\/index.php\/a-propos\/","og_locale":"fr_FR","og_type":"article","og_title":"Sommelier - Chai Fabien","og_description":"Fabien, sommelier de m\u00e9tier, partage son exp\u00e9rience de la gastronomie et son savoir-faire au sein de Chai Fabien, cave \u00e0 vin \u00e0 Sanary.","og_url":"https:\/\/chai-fabien-sanary.com\/index.php\/a-propos\/","og_site_name":"Chai Fabien","article_modified_time":"2025-12-22T16:17:39+00:00","og_image":[{"url":"https:\/\/demosites.royal-elementor-addons.com\/winebar-v1\/wp-content\/uploads\/sites\/28\/2022\/01\/Pic-9.jpg","type":"","width":"","height":""}],"twitter_card":"summary_large_image","twitter_misc":{"Dur\u00e9e de lecture estim\u00e9e":"2 minutes"},"schema":{"@context":"https:\/\/schema.org","@graph":[{"@type":"WebPage","@id":"https:\/\/chai-fabien-sanary.com\/index.php\/a-propos\/","url":"https:\/\/chai-fabien-sanary.com\/index.php\/a-propos\/","name":"Sommelier - Chai Fabien","isPartOf":{"@id":"https:\/\/chai-fabien-sanary.com\/#website"},"primaryImageOfPage":{"@id":"https:\/\/chai-fabien-sanary.com\/index.php\/a-propos\/#primaryimage"},"image":{"@id":"https:\/\/chai-fabien-sanary.com\/index.php\/a-propos\/#primaryimage"},"thumbnailUrl":"https:\/\/demosites.royal-elementor-addons.com\/winebar-v1\/wp-content\/uploads\/sites\/28\/2022\/01\/Pic-9.jpg","datePublished":"2022-01-17T11:35:15+00:00","dateModified":"2025-12-22T16:17:39+00:00","description":"Fabien, sommelier de m\u00e9tier, partage son exp\u00e9rience de la gastronomie et son savoir-faire au sein de Chai Fabien, cave \u00e0 vin \u00e0 Sanary.","breadcrumb":{"@id":"https:\/\/chai-fabien-sanary.com\/index.php\/a-propos\/#breadcrumb"},"inLanguage":"fr-FR","potentialAction":[{"@type":"ReadAction","target":["https:\/\/chai-fabien-sanary.com\/index.php\/a-propos\/"]}]},{"@type":"ImageObject","inLanguage":"fr-FR","@id":"https:\/\/chai-fabien-sanary.com\/index.php\/a-propos\/#primaryimage","url":"https:\/\/demosites.royal-elementor-addons.com\/winebar-v1\/wp-content\/uploads\/sites\/28\/2022\/01\/Pic-9.jpg","contentUrl":"https:\/\/demosites.royal-elementor-addons.com\/winebar-v1\/wp-content\/uploads\/sites\/28\/2022\/01\/Pic-9.jpg"},{"@type":"BreadcrumbList","@id":"https:\/\/chai-fabien-sanary.com\/index.php\/a-propos\/#breadcrumb","itemListElement":[{"@type":"ListItem","position":1,"name":"Accueil","item":"https:\/\/chai-fabien-sanary.com\/"},{"@type":"ListItem","position":2,"name":"A propos"}]},{"@type":"WebSite","@id":"https:\/\/chai-fabien-sanary.com\/#website","url":"https:\/\/chai-fabien-sanary.com\/","name":"Chai Fabien","description":"Cave \u00e0 vins, bi\u00e8res, spiritueux","publisher":{"@id":"https:\/\/chai-fabien-sanary.com\/#organization"},"potentialAction":[{"@type":"SearchAction","target":{"@type":"EntryPoint","urlTemplate":"https:\/\/chai-fabien-sanary.com\/?s={search_term_string}"},"query-input":{"@type":"PropertyValueSpecification","valueRequired":true,"valueName":"search_term_string"}}],"inLanguage":"fr-FR"},{"@type":"Organization","@id":"https:\/\/chai-fabien-sanary.com\/#organization","name":"Chai Fabien","url":"https:\/\/chai-fabien-sanary.com\/","logo":{"@type":"ImageObject","inLanguage":"fr-FR","@id":"https:\/\/chai-fabien-sanary.com\/#\/schema\/logo\/image\/","url":"https:\/\/chai-fabien-sanary.com\/wp-content\/uploads\/2025\/06\/Logo-site-header-blanc-67be95.svg","contentUrl":"https:\/\/chai-fabien-sanary.com\/wp-content\/uploads\/2025\/06\/Logo-site-header-blanc-67be95.svg","width":1238,"height":167,"caption":"Chai Fabien"},"image":{"@id":"https:\/\/chai-fabien-sanary.com\/#\/schema\/logo\/image\/"}}]}},"_links":{"self":[{"href":"https:\/\/chai-fabien-sanary.com\/index.php\/wp-json\/wp\/v2\/pages\/51","targetHints":{"allow":["GET"]}}],"collection":[{"href":"https:\/\/chai-fabien-sanary.com\/index.php\/wp-json\/wp\/v2\/pages"}],"about":[{"href":"https:\/\/chai-fabien-sanary.com\/index.php\/wp-json\/wp\/v2\/types\/page"}],"author":[{"embeddable":true,"href":"https:\/\/chai-fabien-sanary.com\/index.php\/wp-json\/wp\/v2\/users\/4"}],"replies":[{"embeddable":true,"href":"https:\/\/chai-fabien-sanary.com\/index.php\/wp-json\/wp\/v2\/comments?post=51"}],"version-history":[{"count":13,"href":"https:\/\/chai-fabien-sanary.com\/index.php\/wp-json\/wp\/v2\/pages\/51\/revisions"}],"predecessor-version":[{"id":1575,"href":"https:\/\/chai-fabien-sanary.com\/index.php\/wp-json\/wp\/v2\/pages\/51\/revisions\/1575"}],"wp:attachment":[{"href":"https:\/\/chai-fabien-sanary.com\/index.php\/wp-json\/wp\/v2\/media?parent=51"}],"curies":[{"name":"wp","href":"https:\/\/api.w.org\/{rel}","templated":true}]}}