{"id":57,"date":"2022-01-17T11:35:41","date_gmt":"2022-01-17T11:35:41","guid":{"rendered":"https:\/\/demosites.royal-elementor-addons.com\/winebar-v1\/?page_id=57"},"modified":"2026-03-06T11:32:24","modified_gmt":"2026-03-06T10:32:24","slug":"selection-du-moment","status":"publish","type":"page","link":"https:\/\/chai-fabien-sanary.com\/index.php\/selection-du-moment\/","title":{"rendered":"S\u00e9lection du moment"},"content":{"rendered":"\t\t<div data-elementor-type=\"wp-page\" data-elementor-id=\"57\" class=\"elementor elementor-57\">\n\t\t\t\t\t\t<section class=\"elementor-section elementor-top-section elementor-element elementor-element-fc37a3b elementor-section-height-min-height elementor-section-boxed elementor-section-height-default elementor-section-items-middle wpr-particle-no wpr-jarallax-no wpr-parallax-no wpr-sticky-section-no\" data-id=\"fc37a3b\" data-element_type=\"section\" data-settings=\"{&quot;background_background&quot;:&quot;classic&quot;,&quot;shape_divider_bottom&quot;:&quot;waves&quot;}\">\n\t\t\t\t\t\t\t<div class=\"elementor-background-overlay\"><\/div>\n\t\t\t\t\t\t<div class=\"elementor-shape elementor-shape-bottom\" aria-hidden=\"true\" data-negative=\"false\">\n\t\t\t<svg xmlns=\"http:\/\/www.w3.org\/2000\/svg\" viewBox=\"0 0 1000 100\" preserveAspectRatio=\"none\">\n\t<path class=\"elementor-shape-fill\" d=\"M421.9,6.5c22.6-2.5,51.5,0.4,75.5,5.3c23.6,4.9,70.9,23.5,100.5,35.7c75.8,32.2,133.7,44.5,192.6,49.7\n\tc23.6,2.1,48.7,3.5,103.4-2.5c54.7-6,106.2-25.6,106.2-25.6V0H0v30.3c0,0,72,32.6,158.4,30.5c39.2-0.7,92.8-6.7,134-22.4\n\tc21.2-8.1,52.2-18.2,79.7-24.2C399.3,7.9,411.6,7.5,421.9,6.5z\"\/>\n<\/svg>\t\t<\/div>\n\t\t\t\t\t<div class=\"elementor-container elementor-column-gap-default\">\n\t\t\t\t\t<div class=\"elementor-column elementor-col-100 elementor-top-column elementor-element elementor-element-da8a188\" data-id=\"da8a188\" data-element_type=\"column\">\n\t\t\t<div class=\"elementor-widget-wrap elementor-element-populated\">\n\t\t\t\t\t\t<div class=\"elementor-element elementor-element-578c60e elementor-widget elementor-widget-heading\" data-id=\"578c60e\" data-element_type=\"widget\" data-widget_type=\"heading.default\">\n\t\t\t\t<div class=\"elementor-widget-container\">\n\t\t\t\t\t<h2 class=\"elementor-heading-title elementor-size-default\">La S\u00e9lection du moment<\/h2>\t\t\t\t<\/div>\n\t\t\t\t<\/div>\n\t\t\t\t\t<\/div>\n\t\t<\/div>\n\t\t\t\t\t<\/div>\n\t\t<\/section>\n\t\t<div class=\"elementor-element elementor-element-f9abc93 e-flex e-con-boxed wpr-particle-no wpr-jarallax-no wpr-parallax-no wpr-sticky-section-no e-con e-parent\" data-id=\"f9abc93\" data-element_type=\"container\">\n\t\t\t\t\t<div class=\"e-con-inner\">\n\t\t\t\t<div class=\"elementor-element elementor-element-14a9870 elementor-widget elementor-widget-image\" data-id=\"14a9870\" data-element_type=\"widget\" data-widget_type=\"image.default\">\n\t\t\t\t<div class=\"elementor-widget-container\">\n\t\t\t\t\t\t\t\t\t\t\t\t<figure class=\"wp-caption\">\n\t\t\t\t\t\t\t\t\t\t<img fetchpriority=\"high\" decoding=\"async\" width=\"960\" height=\"960\" src=\"https:\/\/chai-fabien-sanary.com\/wp-content\/uploads\/2026\/03\/IMG_20260306_100933-1024x1024.jpg\" class=\"attachment-large size-large wp-image-1601\" alt=\"\" srcset=\"https:\/\/chai-fabien-sanary.com\/wp-content\/uploads\/2026\/03\/IMG_20260306_100933-1024x1024.jpg 1024w, https:\/\/chai-fabien-sanary.com\/wp-content\/uploads\/2026\/03\/IMG_20260306_100933-300x300.jpg 300w, https:\/\/chai-fabien-sanary.com\/wp-content\/uploads\/2026\/03\/IMG_20260306_100933-150x150.jpg 150w, https:\/\/chai-fabien-sanary.com\/wp-content\/uploads\/2026\/03\/IMG_20260306_100933-768x768.jpg 768w, https:\/\/chai-fabien-sanary.com\/wp-content\/uploads\/2026\/03\/IMG_20260306_100933-1536x1536.jpg 1536w, https:\/\/chai-fabien-sanary.com\/wp-content\/uploads\/2026\/03\/IMG_20260306_100933-2048x2048.jpg 2048w, https:\/\/chai-fabien-sanary.com\/wp-content\/uploads\/2026\/03\/IMG_20260306_100933-1320x1320.jpg 1320w\" sizes=\"(max-width: 960px) 100vw, 960px\" \/>\t\t\t\t\t\t\t\t\t\t\t<figcaption class=\"widget-image-caption wp-caption-text\">Chablis de la Famille Grossot, bel \u00e9quilibre entre fruit m\u00fbr et min\u00e9ralit\u00e9.<\/figcaption>\n\t\t\t\t\t\t\t\t\t\t<\/figure>\n\t\t\t\t\t\t\t\t\t<\/div>\n\t\t\t\t<\/div>\n\t\t\t\t<div class=\"elementor-element elementor-element-c09ece8 elementor-widget elementor-widget-image\" data-id=\"c09ece8\" data-element_type=\"widget\" data-widget_type=\"image.default\">\n\t\t\t\t<div class=\"elementor-widget-container\">\n\t\t\t\t\t\t\t\t\t\t\t\t<figure class=\"wp-caption\">\n\t\t\t\t\t\t\t\t\t\t<img decoding=\"async\" width=\"960\" height=\"960\" src=\"https:\/\/chai-fabien-sanary.com\/wp-content\/uploads\/2026\/03\/IMG_20260306_100919-1024x1024.jpg\" class=\"attachment-large size-large wp-image-1599\" alt=\"\" srcset=\"https:\/\/chai-fabien-sanary.com\/wp-content\/uploads\/2026\/03\/IMG_20260306_100919-1024x1024.jpg 1024w, https:\/\/chai-fabien-sanary.com\/wp-content\/uploads\/2026\/03\/IMG_20260306_100919-300x300.jpg 300w, https:\/\/chai-fabien-sanary.com\/wp-content\/uploads\/2026\/03\/IMG_20260306_100919-150x150.jpg 150w, https:\/\/chai-fabien-sanary.com\/wp-content\/uploads\/2026\/03\/IMG_20260306_100919-768x768.jpg 768w, https:\/\/chai-fabien-sanary.com\/wp-content\/uploads\/2026\/03\/IMG_20260306_100919-1536x1536.jpg 1536w, https:\/\/chai-fabien-sanary.com\/wp-content\/uploads\/2026\/03\/IMG_20260306_100919-2048x2048.jpg 2048w, https:\/\/chai-fabien-sanary.com\/wp-content\/uploads\/2026\/03\/IMG_20260306_100919-1320x1320.jpg 1320w\" sizes=\"(max-width: 960px) 100vw, 960px\" \/>\t\t\t\t\t\t\t\t\t\t\t<figcaption class=\"widget-image-caption wp-caption-text\">Vin de France produit sur le terroir de Ch\u00e2teauneuf-du-Pape, assemblage de - c\u00e9pages.<\/figcaption>\n\t\t\t\t\t\t\t\t\t\t<\/figure>\n\t\t\t\t\t\t\t\t\t<\/div>\n\t\t\t\t<\/div>\n\t\t\t\t\t<\/div>\n\t\t\t\t<\/div>\n\t\t<div class=\"elementor-element elementor-element-33b0dc3 e-flex e-con-boxed wpr-particle-no wpr-jarallax-no wpr-parallax-no wpr-sticky-section-no e-con e-parent\" data-id=\"33b0dc3\" data-element_type=\"container\">\n\t\t\t\t\t<div class=\"e-con-inner\">\n\t\t\t\t<div class=\"elementor-element elementor-element-68161ba elementor-widget elementor-widget-image\" data-id=\"68161ba\" data-element_type=\"widget\" data-widget_type=\"image.default\">\n\t\t\t\t<div class=\"elementor-widget-container\">\n\t\t\t\t\t\t\t\t\t\t\t\t<figure class=\"wp-caption\">\n\t\t\t\t\t\t\t\t\t\t<img decoding=\"async\" width=\"960\" height=\"960\" src=\"https:\/\/chai-fabien-sanary.com\/wp-content\/uploads\/2026\/03\/IMG_20260306_100905-1024x1024.jpg\" class=\"attachment-large size-large wp-image-1598\" alt=\"\" srcset=\"https:\/\/chai-fabien-sanary.com\/wp-content\/uploads\/2026\/03\/IMG_20260306_100905-1024x1024.jpg 1024w, https:\/\/chai-fabien-sanary.com\/wp-content\/uploads\/2026\/03\/IMG_20260306_100905-300x300.jpg 300w, https:\/\/chai-fabien-sanary.com\/wp-content\/uploads\/2026\/03\/IMG_20260306_100905-150x150.jpg 150w, https:\/\/chai-fabien-sanary.com\/wp-content\/uploads\/2026\/03\/IMG_20260306_100905-768x768.jpg 768w, https:\/\/chai-fabien-sanary.com\/wp-content\/uploads\/2026\/03\/IMG_20260306_100905-1536x1536.jpg 1536w, https:\/\/chai-fabien-sanary.com\/wp-content\/uploads\/2026\/03\/IMG_20260306_100905-2048x2048.jpg 2048w, https:\/\/chai-fabien-sanary.com\/wp-content\/uploads\/2026\/03\/IMG_20260306_100905-1320x1320.jpg 1320w\" sizes=\"(max-width: 960px) 100vw, 960px\" \/>\t\t\t\t\t\t\t\t\t\t\t<figcaption class=\"widget-image-caption wp-caption-text\">Le nouveaux mill\u00e9sime, 2025, du ch\u00e2teau la tour de l'Ev\u00eaque \u00e0 Pierrefeu !<\/figcaption>\n\t\t\t\t\t\t\t\t\t\t<\/figure>\n\t\t\t\t\t\t\t\t\t<\/div>\n\t\t\t\t<\/div>\n\t\t\t\t<div class=\"elementor-element elementor-element-1f4ed16 elementor-widget elementor-widget-image\" data-id=\"1f4ed16\" data-element_type=\"widget\" data-widget_type=\"image.default\">\n\t\t\t\t<div class=\"elementor-widget-container\">\n\t\t\t\t\t\t\t\t\t\t\t\t<figure class=\"wp-caption\">\n\t\t\t\t\t\t\t\t\t\t<img loading=\"lazy\" decoding=\"async\" width=\"960\" height=\"960\" src=\"https:\/\/chai-fabien-sanary.com\/wp-content\/uploads\/2026\/03\/IMG_20260306_100850-1024x1024.jpg\" class=\"attachment-large size-large wp-image-1597\" alt=\"\" srcset=\"https:\/\/chai-fabien-sanary.com\/wp-content\/uploads\/2026\/03\/IMG_20260306_100850-1024x1024.jpg 1024w, https:\/\/chai-fabien-sanary.com\/wp-content\/uploads\/2026\/03\/IMG_20260306_100850-300x300.jpg 300w, https:\/\/chai-fabien-sanary.com\/wp-content\/uploads\/2026\/03\/IMG_20260306_100850-150x150.jpg 150w, https:\/\/chai-fabien-sanary.com\/wp-content\/uploads\/2026\/03\/IMG_20260306_100850-768x768.jpg 768w, https:\/\/chai-fabien-sanary.com\/wp-content\/uploads\/2026\/03\/IMG_20260306_100850-1536x1536.jpg 1536w, https:\/\/chai-fabien-sanary.com\/wp-content\/uploads\/2026\/03\/IMG_20260306_100850-2048x2048.jpg 2048w, https:\/\/chai-fabien-sanary.com\/wp-content\/uploads\/2026\/03\/IMG_20260306_100850-1320x1320.jpg 1320w\" sizes=\"(max-width: 960px) 100vw, 960px\" \/>\t\t\t\t\t\t\t\t\t\t\t<figcaption class=\"widget-image-caption wp-caption-text\">Bandol en ros\u00e9 du Domaine de Terrebrune qui prendra son sens sur un repas.<\/figcaption>\n\t\t\t\t\t\t\t\t\t\t<\/figure>\n\t\t\t\t\t\t\t\t\t<\/div>\n\t\t\t\t<\/div>\n\t\t\t\t\t<\/div>\n\t\t\t\t<\/div>\n\t\t\t\t<\/div>\n\t\t","protected":false},"excerpt":{"rendered":"<p>La S\u00e9lection du moment Chablis de la Famille Grossot, bel \u00e9quilibre entre fruit m\u00fbr et min\u00e9ralit\u00e9. Vin de France produit sur le terroir de Ch\u00e2teauneuf-du-Pape, assemblage de &#8211; c\u00e9pages. Le nouveaux mill\u00e9sime, 2025, du ch\u00e2teau la tour de l&rsquo;Ev\u00eaque \u00e0 Pierrefeu ! Bandol en ros\u00e9 du Domaine de Terrebrune qui prendra son sens sur un repas.<\/p>\n","protected":false},"author":4,"featured_media":0,"parent":0,"menu_order":0,"comment_status":"closed","ping_status":"closed","template":"elementor_canvas","meta":{"_themeisle_gutenberg_block_has_review":false,"footnotes":""},"class_list":["post-57","page","type-page","status-publish","hentry"],"yoast_head":"<!-- This site is optimized with the Yoast SEO plugin v26.2 - https:\/\/yoast.com\/wordpress\/plugins\/seo\/ -->\n<title>S\u00e9lection du moment - Chai Fabien<\/title>\n<meta name=\"robots\" content=\"index, follow, max-snippet:-1, max-image-preview:large, max-video-preview:-1\" \/>\n<link rel=\"canonical\" href=\"https:\/\/chai-fabien-sanary.com\/index.php\/selection-du-moment\/\" \/>\n<meta property=\"og:locale\" content=\"fr_FR\" \/>\n<meta property=\"og:type\" content=\"article\" \/>\n<meta property=\"og:title\" content=\"S\u00e9lection du moment - Chai Fabien\" \/>\n<meta property=\"og:description\" content=\"La S\u00e9lection du moment Chablis de la Famille Grossot, bel \u00e9quilibre entre fruit m\u00fbr et min\u00e9ralit\u00e9. Vin de France produit sur le terroir de Ch\u00e2teauneuf-du-Pape, assemblage de &#8211; c\u00e9pages. Le nouveaux mill\u00e9sime, 2025, du ch\u00e2teau la tour de l&rsquo;Ev\u00eaque \u00e0 Pierrefeu ! Bandol en ros\u00e9 du Domaine de Terrebrune qui prendra son sens sur un repas.\" \/>\n<meta property=\"og:url\" content=\"https:\/\/chai-fabien-sanary.com\/index.php\/selection-du-moment\/\" \/>\n<meta property=\"og:site_name\" content=\"Chai Fabien\" \/>\n<meta property=\"article:modified_time\" content=\"2026-03-06T10:32:24+00:00\" \/>\n<meta property=\"og:image\" content=\"https:\/\/chai-fabien-sanary.com\/wp-content\/uploads\/2026\/03\/IMG_20260306_100933-scaled.jpg\" \/>\n\t<meta property=\"og:image:width\" content=\"2560\" \/>\n\t<meta property=\"og:image:height\" content=\"2560\" \/>\n\t<meta property=\"og:image:type\" content=\"image\/jpeg\" \/>\n<meta name=\"twitter:card\" content=\"summary_large_image\" \/>\n<meta name=\"twitter:label1\" content=\"Dur\u00e9e de lecture estim\u00e9e\" \/>\n\t<meta name=\"twitter:data1\" content=\"2 minutes\" \/>\n<script type=\"application\/ld+json\" class=\"yoast-schema-graph\">{\"@context\":\"https:\/\/schema.org\",\"@graph\":[{\"@type\":\"WebPage\",\"@id\":\"https:\/\/chai-fabien-sanary.com\/index.php\/selection-du-moment\/\",\"url\":\"https:\/\/chai-fabien-sanary.com\/index.php\/selection-du-moment\/\",\"name\":\"S\u00e9lection du moment - Chai Fabien\",\"isPartOf\":{\"@id\":\"https:\/\/chai-fabien-sanary.com\/#website\"},\"primaryImageOfPage\":{\"@id\":\"https:\/\/chai-fabien-sanary.com\/index.php\/selection-du-moment\/#primaryimage\"},\"image\":{\"@id\":\"https:\/\/chai-fabien-sanary.com\/index.php\/selection-du-moment\/#primaryimage\"},\"thumbnailUrl\":\"http:\/\/chai-fabien-sanary.com\/wp-content\/uploads\/2026\/03\/IMG_20260306_100933-1024x1024.jpg\",\"datePublished\":\"2022-01-17T11:35:41+00:00\",\"dateModified\":\"2026-03-06T10:32:24+00:00\",\"breadcrumb\":{\"@id\":\"https:\/\/chai-fabien-sanary.com\/index.php\/selection-du-moment\/#breadcrumb\"},\"inLanguage\":\"fr-FR\",\"potentialAction\":[{\"@type\":\"ReadAction\",\"target\":[\"https:\/\/chai-fabien-sanary.com\/index.php\/selection-du-moment\/\"]}]},{\"@type\":\"ImageObject\",\"inLanguage\":\"fr-FR\",\"@id\":\"https:\/\/chai-fabien-sanary.com\/index.php\/selection-du-moment\/#primaryimage\",\"url\":\"https:\/\/chai-fabien-sanary.com\/wp-content\/uploads\/2026\/03\/IMG_20260306_100933-scaled.jpg\",\"contentUrl\":\"https:\/\/chai-fabien-sanary.com\/wp-content\/uploads\/2026\/03\/IMG_20260306_100933-scaled.jpg\",\"width\":2560,\"height\":2560},{\"@type\":\"BreadcrumbList\",\"@id\":\"https:\/\/chai-fabien-sanary.com\/index.php\/selection-du-moment\/#breadcrumb\",\"itemListElement\":[{\"@type\":\"ListItem\",\"position\":1,\"name\":\"Accueil\",\"item\":\"https:\/\/chai-fabien-sanary.com\/\"},{\"@type\":\"ListItem\",\"position\":2,\"name\":\"S\u00e9lection du moment\"}]},{\"@type\":\"WebSite\",\"@id\":\"https:\/\/chai-fabien-sanary.com\/#website\",\"url\":\"https:\/\/chai-fabien-sanary.com\/\",\"name\":\"Chai Fabien\",\"description\":\"Cave \u00e0 vins, bi\u00e8res, spiritueux\",\"publisher\":{\"@id\":\"https:\/\/chai-fabien-sanary.com\/#organization\"},\"potentialAction\":[{\"@type\":\"SearchAction\",\"target\":{\"@type\":\"EntryPoint\",\"urlTemplate\":\"https:\/\/chai-fabien-sanary.com\/?s={search_term_string}\"},\"query-input\":{\"@type\":\"PropertyValueSpecification\",\"valueRequired\":true,\"valueName\":\"search_term_string\"}}],\"inLanguage\":\"fr-FR\"},{\"@type\":\"Organization\",\"@id\":\"https:\/\/chai-fabien-sanary.com\/#organization\",\"name\":\"Chai Fabien\",\"url\":\"https:\/\/chai-fabien-sanary.com\/\",\"logo\":{\"@type\":\"ImageObject\",\"inLanguage\":\"fr-FR\",\"@id\":\"https:\/\/chai-fabien-sanary.com\/#\/schema\/logo\/image\/\",\"url\":\"https:\/\/chai-fabien-sanary.com\/wp-content\/uploads\/2025\/06\/Logo-site-header-blanc-67be95.svg\",\"contentUrl\":\"https:\/\/chai-fabien-sanary.com\/wp-content\/uploads\/2025\/06\/Logo-site-header-blanc-67be95.svg\",\"width\":1238,\"height\":167,\"caption\":\"Chai Fabien\"},\"image\":{\"@id\":\"https:\/\/chai-fabien-sanary.com\/#\/schema\/logo\/image\/\"}}]}<\/script>\n<!-- \/ Yoast SEO plugin. -->","yoast_head_json":{"title":"S\u00e9lection du moment - Chai Fabien","robots":{"index":"index","follow":"follow","max-snippet":"max-snippet:-1","max-image-preview":"max-image-preview:large","max-video-preview":"max-video-preview:-1"},"canonical":"https:\/\/chai-fabien-sanary.com\/index.php\/selection-du-moment\/","og_locale":"fr_FR","og_type":"article","og_title":"S\u00e9lection du moment - Chai Fabien","og_description":"La S\u00e9lection du moment Chablis de la Famille Grossot, bel \u00e9quilibre entre fruit m\u00fbr et min\u00e9ralit\u00e9. Vin de France produit sur le terroir de Ch\u00e2teauneuf-du-Pape, assemblage de &#8211; c\u00e9pages. Le nouveaux mill\u00e9sime, 2025, du ch\u00e2teau la tour de l&rsquo;Ev\u00eaque \u00e0 Pierrefeu ! Bandol en ros\u00e9 du Domaine de Terrebrune qui prendra son sens sur un repas.","og_url":"https:\/\/chai-fabien-sanary.com\/index.php\/selection-du-moment\/","og_site_name":"Chai Fabien","article_modified_time":"2026-03-06T10:32:24+00:00","og_image":[{"width":2560,"height":2560,"url":"https:\/\/chai-fabien-sanary.com\/wp-content\/uploads\/2026\/03\/IMG_20260306_100933-scaled.jpg","type":"image\/jpeg"}],"twitter_card":"summary_large_image","twitter_misc":{"Dur\u00e9e de lecture estim\u00e9e":"2 minutes"},"schema":{"@context":"https:\/\/schema.org","@graph":[{"@type":"WebPage","@id":"https:\/\/chai-fabien-sanary.com\/index.php\/selection-du-moment\/","url":"https:\/\/chai-fabien-sanary.com\/index.php\/selection-du-moment\/","name":"S\u00e9lection du moment - Chai Fabien","isPartOf":{"@id":"https:\/\/chai-fabien-sanary.com\/#website"},"primaryImageOfPage":{"@id":"https:\/\/chai-fabien-sanary.com\/index.php\/selection-du-moment\/#primaryimage"},"image":{"@id":"https:\/\/chai-fabien-sanary.com\/index.php\/selection-du-moment\/#primaryimage"},"thumbnailUrl":"http:\/\/chai-fabien-sanary.com\/wp-content\/uploads\/2026\/03\/IMG_20260306_100933-1024x1024.jpg","datePublished":"2022-01-17T11:35:41+00:00","dateModified":"2026-03-06T10:32:24+00:00","breadcrumb":{"@id":"https:\/\/chai-fabien-sanary.com\/index.php\/selection-du-moment\/#breadcrumb"},"inLanguage":"fr-FR","potentialAction":[{"@type":"ReadAction","target":["https:\/\/chai-fabien-sanary.com\/index.php\/selection-du-moment\/"]}]},{"@type":"ImageObject","inLanguage":"fr-FR","@id":"https:\/\/chai-fabien-sanary.com\/index.php\/selection-du-moment\/#primaryimage","url":"https:\/\/chai-fabien-sanary.com\/wp-content\/uploads\/2026\/03\/IMG_20260306_100933-scaled.jpg","contentUrl":"https:\/\/chai-fabien-sanary.com\/wp-content\/uploads\/2026\/03\/IMG_20260306_100933-scaled.jpg","width":2560,"height":2560},{"@type":"BreadcrumbList","@id":"https:\/\/chai-fabien-sanary.com\/index.php\/selection-du-moment\/#breadcrumb","itemListElement":[{"@type":"ListItem","position":1,"name":"Accueil","item":"https:\/\/chai-fabien-sanary.com\/"},{"@type":"ListItem","position":2,"name":"S\u00e9lection du moment"}]},{"@type":"WebSite","@id":"https:\/\/chai-fabien-sanary.com\/#website","url":"https:\/\/chai-fabien-sanary.com\/","name":"Chai Fabien","description":"Cave \u00e0 vins, bi\u00e8res, spiritueux","publisher":{"@id":"https:\/\/chai-fabien-sanary.com\/#organization"},"potentialAction":[{"@type":"SearchAction","target":{"@type":"EntryPoint","urlTemplate":"https:\/\/chai-fabien-sanary.com\/?s={search_term_string}"},"query-input":{"@type":"PropertyValueSpecification","valueRequired":true,"valueName":"search_term_string"}}],"inLanguage":"fr-FR"},{"@type":"Organization","@id":"https:\/\/chai-fabien-sanary.com\/#organization","name":"Chai Fabien","url":"https:\/\/chai-fabien-sanary.com\/","logo":{"@type":"ImageObject","inLanguage":"fr-FR","@id":"https:\/\/chai-fabien-sanary.com\/#\/schema\/logo\/image\/","url":"https:\/\/chai-fabien-sanary.com\/wp-content\/uploads\/2025\/06\/Logo-site-header-blanc-67be95.svg","contentUrl":"https:\/\/chai-fabien-sanary.com\/wp-content\/uploads\/2025\/06\/Logo-site-header-blanc-67be95.svg","width":1238,"height":167,"caption":"Chai Fabien"},"image":{"@id":"https:\/\/chai-fabien-sanary.com\/#\/schema\/logo\/image\/"}}]}},"_links":{"self":[{"href":"https:\/\/chai-fabien-sanary.com\/index.php\/wp-json\/wp\/v2\/pages\/57","targetHints":{"allow":["GET"]}}],"collection":[{"href":"https:\/\/chai-fabien-sanary.com\/index.php\/wp-json\/wp\/v2\/pages"}],"about":[{"href":"https:\/\/chai-fabien-sanary.com\/index.php\/wp-json\/wp\/v2\/types\/page"}],"author":[{"embeddable":true,"href":"https:\/\/chai-fabien-sanary.com\/index.php\/wp-json\/wp\/v2\/users\/4"}],"replies":[{"embeddable":true,"href":"https:\/\/chai-fabien-sanary.com\/index.php\/wp-json\/wp\/v2\/comments?post=57"}],"version-history":[{"count":23,"href":"https:\/\/chai-fabien-sanary.com\/index.php\/wp-json\/wp\/v2\/pages\/57\/revisions"}],"predecessor-version":[{"id":1608,"href":"https:\/\/chai-fabien-sanary.com\/index.php\/wp-json\/wp\/v2\/pages\/57\/revisions\/1608"}],"wp:attachment":[{"href":"https:\/\/chai-fabien-sanary.com\/index.php\/wp-json\/wp\/v2\/media?parent=57"}],"curies":[{"name":"wp","href":"https:\/\/api.w.org\/{rel}","templated":true}]}}